{"id":11,"date":"2020-03-27T11:26:09","date_gmt":"2020-03-27T11:26:09","guid":{"rendered":"http:\/\/tsv-kirchenlaibach.de\/?page_id=11"},"modified":"2025-08-25T14:28:08","modified_gmt":"2025-08-25T14:28:08","slug":"fussball","status":"publish","type":"page","link":"http:\/\/tsv-kirchenlaibach.de\/?page_id=11","title":{"rendered":"Fu\u00dfball"},"content":{"rendered":"\n<p><a href=\"http:\/\/Senioren\">S<\/a><a href=\"#Senioren\">enioren<\/a> \/\/ <a href=\"#Jugend\">Jugend<\/a> \/\/ <a href=\"#Juniorinnen\">Juniorinnen<\/a> \/\/ <a href=\"#Schueler\">Sch\u00fcler<\/a><\/p>\n\n\n\n<figure class=\"wp-block-image size-large\"><img decoding=\"async\" loading=\"lazy\" width=\"1024\" height=\"683\" src=\"http:\/\/tsv-kirchenlaibach.de\/wp-content\/uploads\/2020\/03\/football-2778583_1920-1024x683.jpg\" alt=\"\" class=\"wp-image-110\" srcset=\"http:\/\/tsv-kirchenlaibach.de\/wp-content\/uploads\/2020\/03\/football-2778583_1920-1024x683.jpg 1024w, http:\/\/tsv-kirchenlaibach.de\/wp-content\/uploads\/2020\/03\/football-2778583_1920-300x200.jpg 300w, http:\/\/tsv-kirchenlaibach.de\/wp-content\/uploads\/2020\/03\/football-2778583_1920-768x512.jpg 768w, http:\/\/tsv-kirchenlaibach.de\/wp-content\/uploads\/2020\/03\/football-2778583_1920-1536x1024.jpg 1536w, http:\/\/tsv-kirchenlaibach.de\/wp-content\/uploads\/2020\/03\/football-2778583_1920.jpg 1920w\" sizes=\"(max-width: 1024px) 100vw, 1024px\" \/><\/figure>\n\n\n\n<p>Das Aush\u00e4ngeschild des TSV Kirchenlaibach\/Speichersdorf ist die Fu\u00dfballabteilung mit den beiden Seniorenmannschaften und den vielen Nachwuchsteams. Die erste Mannschaft spielte seit der Saison 2008\/09 in der Bezirksliga. Der gr\u00f6\u00dfte Erfolg der Vereinsgeschichte war der Aufstieg in die Landesliga Nordost in der Saison 2012\/13 und der Klassenerhalt mit einer Vielzahl in der eigenen Jugend ausgebildeten Spielern. Leider war der Abstieg in der Saison 2014\/2015 nicht zu vermeiden. In der Folge spielte man bis zur Serie 2021\/22 in der Bezirksliga und seit der Saison 22\/23 als feste Gr\u00f6\u00dfe in der Kreisliga. <\/p>\n\n\n\n<p>Die zweite Mannschaft agiert als Bindeglied zwischen der A-Jugend und der ersten Mannschaft, so dass sich junge Spieler an das Niveau im Seniorenbereich gew\u00f6hnen k\u00f6nnen. Als gro\u00dfer Erfolg wurde der Aufstieg in die Kreisklasse Bayreuth-Kulmbach erreicht.&nbsp;Nach zwei Jahren in dieser Klasse spielte man seit der Saison 2013\/2014 in der A-Klasse Bayreuth, in der Saison 22\/23 gelang der Wiederaufstieg in die Kreisklasse. <\/p>\n\n\n\n<p><strong>Ansprechpartner Abteilung Seniorenfu\u00dfball: <\/strong><br>Johannes J\u00e4ger, Telefon 0160 1684708<\/p>\n\n\n\n<p>Philipp Wolfohr, Telefon 0152 4161862<\/p>\n\n\n\n<p><strong>Ansprechpartner Abteilung Sch\u00fclerfu\u00dfball: <\/strong><\/p>\n\n\n\n<p>Holger Hofmann, Telefon 0151-11721544<\/p>\n\n\n\n<p><strong>Ansprechpartner Abteilung Jugendfu\u00dfball:<\/strong><\/p>\n\n\n\n<p>Thomas Stock, Telefon 0151-70020517<br><\/p>\n\n\n\n<h2 class=\"wp-block-heading\" id=\"Senioren\">Seniorenfu\u00dfball <\/h2>\n\n\n\n<ol>\n<li>und 2. Mannschaft Saison 2024\/2025<\/li>\n<\/ol>\n\n\n\n<figure class=\"wp-block-image size-large\"><img decoding=\"async\" loading=\"lazy\" width=\"1024\" height=\"683\" src=\"http:\/\/tsv-kirchenlaibach.de\/wp-content\/uploads\/2024\/09\/IMG-20240820-WA0004-1024x683.jpg\" alt=\"\" class=\"wp-image-830\" srcset=\"http:\/\/tsv-kirchenlaibach.de\/wp-content\/uploads\/2024\/09\/IMG-20240820-WA0004-1024x683.jpg 1024w, http:\/\/tsv-kirchenlaibach.de\/wp-content\/uploads\/2024\/09\/IMG-20240820-WA0004-300x200.jpg 300w, http:\/\/tsv-kirchenlaibach.de\/wp-content\/uploads\/2024\/09\/IMG-20240820-WA0004-768x512.jpg 768w, http:\/\/tsv-kirchenlaibach.de\/wp-content\/uploads\/2024\/09\/IMG-20240820-WA0004-1536x1024.jpg 1536w, http:\/\/tsv-kirchenlaibach.de\/wp-content\/uploads\/2024\/09\/IMG-20240820-WA0004-2048x1365.jpg 2048w\" sizes=\"(max-width: 1024px) 100vw, 1024px\" \/><\/figure>\n\n\n\n<p>Unsere Seniorenfu\u00dfballabteilung besteht aus einem Kreisligateam und einer zweiten Mannschaft, die derzeit in der Kreisklasse 5 Bayreuth\/Kulmbach auf Punktejagd geht. Die gr\u00f6\u00dften sportlichen Erfolge unserer Fu\u00dfballabteilung in den letzten Jahren waren sicherlich die Meisterschaft in der Kreisliga Bayreuth\/Kulmbach und der damit verbundene Aufstieg in die Bezirksliga Oberfranken Ost im Spieljahr 2007\/08 sowie die Meisterschaft in der Bezirksliga Oberfranken 2 mit Aufstieg in die Landesliga Nordost im Jahr 2012\/13. Diese Erfolge wurde fast ausschlie\u00dflich mit Spielern aus dem eigenen Nachwuchs&nbsp;erreicht. Nach 48 Jahren Abstinenz liefen damit unsere Kicker auf den Bezirksligapl\u00e4tzen der Region auf, in der Saison 2013\/14 und 2014\/15 ging die erste Mannschaft des TSV erstmals in&nbsp;der Vereinsgeschichte auf Verbandsebene auf Punktejagd. Die Klasse konnte nach dem zweiten Jahr nicht mehr gehalten werden. Nach der Relegation musste man den Abstieg&nbsp;hinnehmen. <\/p>\n\n\n\n<p><\/p>\n\n\n\n<figure class=\"wp-block-gallery has-nested-images columns-default is-cropped wp-block-gallery-1 is-layout-flex\">\n<figure class=\"wp-block-image size-large\"><img decoding=\"async\" loading=\"lazy\" width=\"1024\" height=\"1024\" data-id=\"703\"  src=\"http:\/\/tsv-kirchenlaibach.de\/wp-content\/uploads\/2023\/10\/20231004_234649-1-1024x1024.jpg\" alt=\"\" class=\"wp-image-703\" srcset=\"http:\/\/tsv-kirchenlaibach.de\/wp-content\/uploads\/2023\/10\/20231004_234649-1-1024x1024.jpg 1024w, http:\/\/tsv-kirchenlaibach.de\/wp-content\/uploads\/2023\/10\/20231004_234649-1-300x300.jpg 300w, http:\/\/tsv-kirchenlaibach.de\/wp-content\/uploads\/2023\/10\/20231004_234649-1-150x150.jpg 150w, http:\/\/tsv-kirchenlaibach.de\/wp-content\/uploads\/2023\/10\/20231004_234649-1-768x768.jpg 768w, http:\/\/tsv-kirchenlaibach.de\/wp-content\/uploads\/2023\/10\/20231004_234649-1-1536x1536.jpg 1536w, http:\/\/tsv-kirchenlaibach.de\/wp-content\/uploads\/2023\/10\/20231004_234649-1-2048x2048.jpg 2048w\" sizes=\"(max-width: 1024px) 100vw, 1024px\" \/><\/figure>\n<\/figure>\n\n\n\n<h3 class=\"wp-block-heading\">Trainingszeiten und Kontakt<\/h3>\n\n\n\n<p><strong>Trainingszeiten der ersten Mannschaft:<\/strong> <br>Dienstag und Donnerstag jeweils 19 Uhr auf dem Sportgel\u00e4nde an der Jahnstra\u00dfe in Speichersdorf.<\/p>\n\n\n\n<p><strong>Ansprechpartner:<\/strong><br><p>Johannes J\u00e4ger, Telefon 0160 1684708<\/p>Philipp Wolfohr, Telefon 0152 4161862 <br><a href=\"mailto:fussball@tsv-kirchenlaibach.de\">fussball@tsv-kirchenlaibach.de<\/a><br><br>Trainer Thomas Moder<\/p>\n\n\n\n<h2 class=\"wp-block-heading\">Zweite Mannschaft<\/h2>\n\n\n\n<p>Die zweite Mannschaft agiert als Bindeglied zwischen der A-Jugend und der ersten Mannschaft, so dass sich junge Spieler an das Niveau im Seniorenbereich gew\u00f6hnen k\u00f6nnen. Als gro\u00dfer Erfolg wurde der Aufstieg in die Kreisklasse Bayreuth-Kulmbach erreicht.&nbsp;Nach zwei Jahren in dieser Klasse spielte man seit der Saison 2013\/2014 in der A-Klasse Bayreuth. Zur Saison 2023\/2024 ist nunmehr der Wiederaufstieg in die Kreisklasse Bayreuth-Kulmbach gelungen!<\/p>\n\n\n\n<p><\/p>\n\n\n\n<figure class=\"wp-block-image size-full is-resized\"><img decoding=\"async\" loading=\"lazy\" src=\"http:\/\/tsv-kirchenlaibach.de\/wp-content\/uploads\/2024\/05\/Co-Trainer-2.-Mannschaft.jpg\" alt=\"\" class=\"wp-image-775\" width=\"604\" height=\"581\" srcset=\"http:\/\/tsv-kirchenlaibach.de\/wp-content\/uploads\/2024\/05\/Co-Trainer-2.-Mannschaft.jpg 951w, http:\/\/tsv-kirchenlaibach.de\/wp-content\/uploads\/2024\/05\/Co-Trainer-2.-Mannschaft-300x289.jpg 300w\" sizes=\"(max-width: 604px) 100vw, 604px\" \/><\/figure>\n\n\n\n<h3 class=\"wp-block-heading\">Trainingszeiten und Kontakt<\/h3>\n\n\n\n<p><strong>Trainingszeiten der zweiten Mannschaft:<\/strong> <br>Dienstag und Freitag jeweils 19 Uhr auf dem Sportgel\u00e4nde an der Jahnstra\u00dfe in Speichersdorf.<\/p>\n\n\n\n<p>Trainer: Tobias Schraml<\/p>\n\n\n\n<p><strong>Ansprechpartner:<\/strong><br><p>Johannes J\u00e4ger, Telefon 0160 1684708<\/p>Philipp Wolfohr, Telefon 0152 4161862 <br><a href=\"mailto:fussball@tsv-kirchenlaibach.de\">fussball@tsv-kirchenlaibach.de<\/a><\/p>\n\n\n\n<p><\/p>\n\n\n\n<p><strong>Betreuer 1. und 2. Mannschaft<\/strong><\/p>\n\n\n\n<figure class=\"wp-block-gallery has-nested-images columns-default is-cropped wp-block-gallery-3 is-layout-flex\">\n<figure class=\"wp-block-image size-large\"><img decoding=\"async\" loading=\"lazy\" width=\"1024\" height=\"1024\" data-id=\"691\"  src=\"http:\/\/tsv-kirchenlaibach.de\/wp-content\/uploads\/2023\/10\/Betreuer-1.2.Ma_.--1024x1024.jpg\" alt=\"\" class=\"wp-image-691\" srcset=\"http:\/\/tsv-kirchenlaibach.de\/wp-content\/uploads\/2023\/10\/Betreuer-1.2.Ma_.--1024x1024.jpg 1024w, http:\/\/tsv-kirchenlaibach.de\/wp-content\/uploads\/2023\/10\/Betreuer-1.2.Ma_.--300x300.jpg 300w, http:\/\/tsv-kirchenlaibach.de\/wp-content\/uploads\/2023\/10\/Betreuer-1.2.Ma_.--150x150.jpg 150w, http:\/\/tsv-kirchenlaibach.de\/wp-content\/uploads\/2023\/10\/Betreuer-1.2.Ma_.--768x768.jpg 768w, http:\/\/tsv-kirchenlaibach.de\/wp-content\/uploads\/2023\/10\/Betreuer-1.2.Ma_.--1536x1536.jpg 1536w, http:\/\/tsv-kirchenlaibach.de\/wp-content\/uploads\/2023\/10\/Betreuer-1.2.Ma_.--2048x2048.jpg 2048w\" sizes=\"(max-width: 1024px) 100vw, 1024px\" \/><\/figure>\n<\/figure>\n\n\n\n<hr class=\"wp-block-separator has-css-opacity\"\/>\n\n\n\n<p>  <\/p>\n\n\n\n<p><\/p>\n\n\n\n<h2 class=\"wp-block-heading\" id=\"Jugend\">Jugendfu\u00dfball<\/h2>\n\n\n\n<figure class=\"wp-block-image size-large is-resized\"><img decoding=\"async\" loading=\"lazy\" src=\"http:\/\/tsv-kirchenlaibach.de\/wp-content\/uploads\/2020\/03\/Logos-SG.png\" alt=\"\" class=\"wp-image-112\" width=\"570\" height=\"336\" srcset=\"http:\/\/tsv-kirchenlaibach.de\/wp-content\/uploads\/2020\/03\/Logos-SG.png 400w, http:\/\/tsv-kirchenlaibach.de\/wp-content\/uploads\/2020\/03\/Logos-SG-300x177.png 300w\" sizes=\"(max-width: 570px) 100vw, 570px\" \/><\/figure>\n\n\n\n<p>Ab den D-(U13)&nbsp; is zu den A-(U19) Junioren treten wir seit der Saison 2019\/20 gemeinsam mit dem SV Seybothenreuth und dem ASV Haidenaab\/G\u00f6ppmannsb\u00fchl in einer Spielgmeinschaft im Spielkreis Bamberg\/Bayreuth-Kulmbach und im Bezirk Oberfranken an.<\/p>\n\n\n\n<p>Unser gemeinsames Ziel ist es die Jugendlichen bestm\u00f6glich zu f\u00f6rdern und langfristig an ihre Vereine zu binden.<\/p>\n\n\n\n<h3 class=\"wp-block-heading\"><\/h3>\n\n\n\n<p><\/p>\n\n\n\n<h2 class=\"wp-block-heading\">U 19 A-Junioren<\/h2>\n\n\n\n<h2 class=\"wp-block-heading\">BOL Oberfranken <\/h2>\n\n\n\n<p>Auch in diesem Jahr bereitet sich unsere A-Jugend der SG im BLSV Sportcamp in Bischofsgr\u00fcn auf die bevorstehende BOL Saison 24\/25 vor. In insgesamt vier Trainingseinheiten und einem Testspiel stehen taktische Elemente und Fitness im Vordergrund. Aufgef\u00fcllt mit einigen Spielern unserer B-Jugend der SG werden Teamgeist und Zusammenhalt gest\u00e4rkt und die Jungs werden auch in der neuen Saison wieder alles geben, um eine erfolgreiche Runde abzuliefern.<\/p>\n\n\n\n<p>Vielen Dank nochmal an alle Unterst\u00fctzer, welche den viert\u00e4gigen Aufenthalt wieder m\u00f6glich gemacht haben!<\/p>\n\n\n\n<figure class=\"wp-block-image size-large\"><img decoding=\"async\" loading=\"lazy\" width=\"1024\" height=\"768\" src=\"http:\/\/tsv-kirchenlaibach.de\/wp-content\/uploads\/2024\/08\/WhatsApp-Image-2024-08-17-at-15.05.37-1024x768.jpeg\" alt=\"\" class=\"wp-image-822\" srcset=\"http:\/\/tsv-kirchenlaibach.de\/wp-content\/uploads\/2024\/08\/WhatsApp-Image-2024-08-17-at-15.05.37-1024x768.jpeg 1024w, http:\/\/tsv-kirchenlaibach.de\/wp-content\/uploads\/2024\/08\/WhatsApp-Image-2024-08-17-at-15.05.37-300x225.jpeg 300w, http:\/\/tsv-kirchenlaibach.de\/wp-content\/uploads\/2024\/08\/WhatsApp-Image-2024-08-17-at-15.05.37-768x576.jpeg 768w, http:\/\/tsv-kirchenlaibach.de\/wp-content\/uploads\/2024\/08\/WhatsApp-Image-2024-08-17-at-15.05.37-1536x1152.jpeg 1536w, http:\/\/tsv-kirchenlaibach.de\/wp-content\/uploads\/2024\/08\/WhatsApp-Image-2024-08-17-at-15.05.37.jpeg 2040w\" sizes=\"(max-width: 1024px) 100vw, 1024px\" \/><figcaption class=\"wp-element-caption\"><strong><br>Trainer: <\/strong><br>Patrick Wirth, Tel.: 0170\/3416526<br>Mail:&nbsp;patrickwirth1981@gmail.com<br>Tom Weber, Tel.: 0151\/50428488<br><br><br><strong> Trainingszeiten:<\/strong><br> Montag u. Mittwoch 19.00 Uhr <br><\/figcaption><\/figure>\n\n\n\n<p><br><\/p>\n\n\n\n<p><\/p>\n\n\n\n<p><\/p>\n\n\n\n<h2 class=\"wp-block-heading\"><strong>U 17 (B &#8211; Junioren) <\/strong> <\/h2>\n\n\n\n<h2 class=\"wp-block-heading\"><strong>KL Bamberg\/Bayreuth Ost <\/strong><br><\/h2>\n\n\n\n<figure class=\"wp-block-image size-large\"><img decoding=\"async\" loading=\"lazy\" width=\"1024\" height=\"768\" src=\"http:\/\/tsv-kirchenlaibach.de\/wp-content\/uploads\/2024\/07\/IMG-20240714-WA0000-1024x768.jpg\" alt=\"\" class=\"wp-image-781\" srcset=\"http:\/\/tsv-kirchenlaibach.de\/wp-content\/uploads\/2024\/07\/IMG-20240714-WA0000-1024x768.jpg 1024w, http:\/\/tsv-kirchenlaibach.de\/wp-content\/uploads\/2024\/07\/IMG-20240714-WA0000-300x225.jpg 300w, http:\/\/tsv-kirchenlaibach.de\/wp-content\/uploads\/2024\/07\/IMG-20240714-WA0000-768x576.jpg 768w, http:\/\/tsv-kirchenlaibach.de\/wp-content\/uploads\/2024\/07\/IMG-20240714-WA0000-1536x1152.jpg 1536w, http:\/\/tsv-kirchenlaibach.de\/wp-content\/uploads\/2024\/07\/IMG-20240714-WA0000.jpg 2040w\" sizes=\"(max-width: 1024px) 100vw, 1024px\" \/><\/figure>\n\n\n\n<p><strong>Trainer<\/strong>:<\/p>\n\n\n\n<p>Michael Spiegl, Tel.: 0175\/4339269<br>Manuel Lautner, Tel.: 0160\/4972535<\/p>\n\n\n\n<p><strong>Trainingszeiten: <\/strong><\/p>\n\n\n\n<p>Montag: 18:30 Uhr in Seybothenreuth<br>Mittwoch: 18:30 Uhr in Kirchenlaibach<br><\/p>\n\n\n\n<p><br><\/p>\n\n\n\n<h2 class=\"wp-block-heading\"><strong>U 15 (C &#8211; Junioren) <\/strong> BOL Oberfranken <\/h2>\n\n\n\n<h2 class=\"wp-block-heading\"><strong>U 15  (C 2 Junioren) Gr. 03 BT-KU <\/strong><br><\/h2>\n\n\n\n<figure class=\"wp-block-image size-large\"><a href=\"http:\/\/tsv-kirchenlaibach.de\/wp-content\/uploads\/2020\/03\/B-Jugend.jpg\"><img decoding=\"async\" loading=\"lazy\" width=\"662\" height=\"306\" src=\"http:\/\/tsv-kirchenlaibach.de\/wp-content\/uploads\/2021\/11\/20211101_145706-004-1.jpg\" alt=\"\" class=\"wp-image-423\" srcset=\"http:\/\/tsv-kirchenlaibach.de\/wp-content\/uploads\/2021\/11\/20211101_145706-004-1.jpg 662w, http:\/\/tsv-kirchenlaibach.de\/wp-content\/uploads\/2021\/11\/20211101_145706-004-1-300x139.jpg 300w\" sizes=\"(max-width: 662px) 100vw, 662px\" \/><\/a><figcaption class=\"wp-element-caption\"> <br>C1-Junioren:<br>Trainer: <br>Michael Spiegl, 0175-4339369<br>M.spiegl10@googlemail.com<br><br>Manuel Lautner, 0160 4972535<br>manuel.lautner@web.de<br> <br>Betreuer: Zafer Dereli, 0160\/2537116<br><br>C2-Junioren:<br>Marcel Jahn, 0176\/24352766<br>xmercy2kx@gmail.com<br><br>Alexander Haberkorn, 0171\/9224788<br>alex.haberkorn@web.de<br><br>Training:<br>Montag und Mittwoch, 17:30 Uhr <\/figcaption><\/figure>\n\n\n\n<p><br><\/p>\n\n\n\n<h2 class=\"wp-block-heading\">D1 D2 D3 Junioren U13 # SG  TSV Kirchenlaibach, SV Seybo, ASV Haidenaab<\/h2>\n\n\n\n<h2 class=\"wp-block-heading\"><strong>BOL Oberfranken <\/strong><br><\/h2>\n\n\n\n<figure class=\"wp-block-image size-large\"><img decoding=\"async\" loading=\"lazy\" width=\"1024\" height=\"640\" src=\"http:\/\/tsv-kirchenlaibach.de\/wp-content\/uploads\/2023\/03\/F08844A6-B00C-4BCD-8F70-A1319799EE88-1024x640-2.jpeg\" alt=\"\" class=\"wp-image-601\" srcset=\"http:\/\/tsv-kirchenlaibach.de\/wp-content\/uploads\/2023\/03\/F08844A6-B00C-4BCD-8F70-A1319799EE88-1024x640-2.jpeg 1024w, http:\/\/tsv-kirchenlaibach.de\/wp-content\/uploads\/2023\/03\/F08844A6-B00C-4BCD-8F70-A1319799EE88-1024x640-2-300x188.jpeg 300w, http:\/\/tsv-kirchenlaibach.de\/wp-content\/uploads\/2023\/03\/F08844A6-B00C-4BCD-8F70-A1319799EE88-1024x640-2-768x480.jpeg 768w\" sizes=\"(max-width: 1024px) 100vw, 1024px\" \/><\/figure>\n\n\n\n<h4 class=\"wp-block-heading\"><\/h4>\n\n\n\n<h4 class=\"wp-block-heading\">D1 Junioren<\/h4>\n\n\n\n<p>Markus Kaupper<\/p>\n\n\n\n<p>J\u00f6rg Sch\u00fcrkamp, <a href=\"tel:0162\/6015852\">0162\/6015852<\/a><br>joerg-karolaschuerkamp@t-online.de<\/p>\n\n\n\n<h4 class=\"wp-block-heading\">D2 Junioren<\/h4>\n\n\n\n<p>Holger Hoffmann<\/p>\n\n\n\n<p>Michael Prechtl<\/p>\n\n\n\n<p>Matthias Busch<\/p>\n\n\n\n<h4 class=\"wp-block-heading\">D3 Junioren<\/h4>\n\n\n\n<h4 class=\"wp-block-heading\">Training:<\/h4>\n\n\n\n<p>Dienstag u. Donnerstag, 17.15 Uhr<\/p>\n\n\n\n<p><\/p>\n\n\n\n<h2 class=\"wp-block-heading\">U 13 (D-Jun.)  KK 03 BT  \/  KUGr. 0 6 BT-KU  <\/h2>\n\n\n\n<figure class=\"wp-block-image size-large\"><img decoding=\"async\" loading=\"lazy\" width=\"1024\" height=\"592\" src=\"http:\/\/tsv-kirchenlaibach.de\/wp-content\/uploads\/2023\/03\/1370D6D6-0573-4F66-AAE2-0147D59E8CB2-1024x592.jpeg\" alt=\"\" class=\"wp-image-609\" srcset=\"http:\/\/tsv-kirchenlaibach.de\/wp-content\/uploads\/2023\/03\/1370D6D6-0573-4F66-AAE2-0147D59E8CB2-1024x592.jpeg 1024w, http:\/\/tsv-kirchenlaibach.de\/wp-content\/uploads\/2023\/03\/1370D6D6-0573-4F66-AAE2-0147D59E8CB2-300x173.jpeg 300w, http:\/\/tsv-kirchenlaibach.de\/wp-content\/uploads\/2023\/03\/1370D6D6-0573-4F66-AAE2-0147D59E8CB2-768x444.jpeg 768w, http:\/\/tsv-kirchenlaibach.de\/wp-content\/uploads\/2023\/03\/1370D6D6-0573-4F66-AAE2-0147D59E8CB2-1536x888.jpeg 1536w, http:\/\/tsv-kirchenlaibach.de\/wp-content\/uploads\/2023\/03\/1370D6D6-0573-4F66-AAE2-0147D59E8CB2.jpeg 1911w\" sizes=\"(max-width: 1024px) 100vw, 1024px\" \/><\/figure>\n\n\n\n<p><\/p>\n\n\n\n<p><\/p>\n\n\n\n<p><\/p>\n\n\n\n<hr class=\"wp-block-separator has-css-opacity\"\/>\n\n\n\n<p>    <\/p>\n\n\n\n<h2 class=\"wp-block-heading\" id=\"Schueler\">Sch\u00fclerfu\u00dfball<\/h2>\n\n\n\n<p><\/p>\n\n\n\n<p>Die Jugendarbeit nimmt beim TSV Kirchenlaibach\/Speichersdorf seit jeher einen sehr hohen Stellenwert ein. Unsere Fu\u00dfballabteilung folgt dem Konzept, einheimische Kinder und Jugendliche zu f\u00f6rdern und sportlich zu betreuen.<br><br>In der <strong>Saison 2025\/2026<\/strong> werden DREI E-Jugend- und ZWEI F-Jugendmannschaften am Spielbetrieb teilnehmen und zus\u00e4tzlich werden wir EINE G-Jugend f\u00fcr Freundschaftsspiele und Turniere im Trainingsbetrieb haben.<\/p>\n\n\n\n<p>Seit August 2019 haben wir im Bereich der E- und F-Jugend eine Spielgemeinschaft mit dem ASV Haidenaab.<\/p>\n\n\n\n<p><br>\u00dcber <strong><u>80 Kinder<\/u><\/strong> betreuen die ehrenamtlichen Trainer und Betreuer vom TSV Kirchenlaibach\/Speichersdorf und ASV Haidenaab von der G- bis zur E-Jugend.<\/p>\n\n\n\n<p>Ein eigenes Kleinspielfeld sowie zwei gro\u00dfe Rasenpl\u00e4tze und im Winter die Nutzung der Sportarena bieten optimale Trainings- und Spielbedingungen. Alle fu\u00dfballinteressierten Jungen und M\u00e4dchen ab dem Kindergartenalter sind jederzeit herzlich willkommen.<\/p>\n\n\n\n<p>Trainingszeiten und Ansprechparten f\u00fcr die jeweiligen Altersklassen k\u00f6nnt Ihr unten entnehmen oder Ihr wendet euch an unseren Sch\u00fclerleiter Holger Hofmann &#8211; 0151-11721544<\/p>\n\n\n\n<p><a><strong><u>E-Jugend<\/u><\/strong><\/a><\/p>\n\n\n\n<p><strong>Trainer\/Betreuer:<\/strong><br>Jahrgang 2015: Michael Wlochowitz 0151\/29080696<\/p>\n\n\n\n<p>Jahrgang 2016: Philip Wisnewski 0170\/5886317<\/p>\n\n\n\n<p><strong>Trainingszeiten:&nbsp;<\/strong>Montag u. Donnerstag &#8211; 17.00 \u2013 18.30 Uhr<\/p>\n\n\n\n<p>(Sportgel\u00e4nde TSV Kirchenlaibach)<\/p>\n\n\n\n<p><strong><u>F-Jugend<\/u><\/strong><\/p>\n\n\n\n<p><strong>Trainer\/Betreuer:<\/strong><\/p>\n\n\n\n<p>Jahrgang 2017: Peter Knappe 0160\/94878768 (Bevorzugt WhatsApp)<\/p>\n\n\n\n<p>Jahrgang 2018: Andreas Ruf 0175\/6119782<\/p>\n\n\n\n<p><strong>Trainingszeiten: <\/strong>Dienstag \u2013 17.15 &#8211; 18.45 Uhr<\/p>\n\n\n\n<p>(Sportgel\u00e4nde TSV Kirchenlaibach)<\/p>\n\n\n\n<p><strong><u>G-Jugend (Bambinis)<\/u><\/strong><\/p>\n\n\n\n<p><a><strong>Trainer\/Betreuer:<\/strong><\/a><\/p>\n\n\n\n<p>Jahrgang 2019\/2020\/2021: Daniel Kaufmann 0151\/21270236<\/p>\n\n\n\n<p><strong>Trainingszeiten: <\/strong>Mittwoch \u2013 16.30 \u2013 17.30 Uhr<\/p>\n\n\n\n<p>&nbsp;(Sportgel\u00e4nde TSV Kirchenlaibach)<\/p>\n\n\n\n<p><\/p>\n\n\n\n<p><\/p>\n\n\n\n<p><strong><u>ALLGEMEINES:<\/u><\/strong><\/p>\n\n\n\n<p>Wir wollen den Kindern Spa\u00df an Bewegung vermitteln, neue Freund- und Bekanntschaften erm\u00f6glichen, als Verein das Wir-Gef\u00fchl st\u00e4rken.<\/p>\n\n\n\n<p>Der Aufbau des Trainings bzw. der \u00dcbungseinheiten wird an den DFB Vorgaben angelehnt:<br>\u2022 Kontakte zu Gleichaltrigen kn\u00fcpfen und sich in eine Gruppe einf\u00fcgen<br>\u2022 Spa\u00df und Freude am Fu\u00dfballspielen erleben<br>\u2022 Eigene Bed\u00fcrfnisse und W\u00fcnsche ansprechen<br>\u2022 Das eigene Bewegungsk\u00f6nnen verbessern<br>\u2022 Ideen und Kreativit\u00e4t beim Erfinden neuer Bewegungen zeigen<br>\u2022 Das eigene Leistungsverm\u00f6gen erproben und dabei Selbstvertrauen aufbauen<br>\u2022 Die Pers\u00f6nlichkeit ganzheitlich f\u00f6rdern!<br>\u2022 Vielseitige Bewegungsaufgaben anbieten!<\/p>\n\n\n\n<p>Oben genannte Trainingszeiten beziehen sich NICHT auf die Winterzeit, hier werden wir in die Halle ausweichen. Trainingstage und -zeiten k\u00f6nnen sich \u00e4ndern, bitte bei Interesse an den jeweiligen Trainer\/Betreuer wenden.<\/p>\n\n\n\n<p>Die Jugendarbeit nimmt beim TSV Kirchenlaibach\/Speichersdorf seit jeher einen sehr hohen Stellenwert ein. Unsere Fu\u00dfballabteilung folgt dem Konzept, einheimische  Kinder und Jugendliche zu f\u00f6rdern und sportlich zu betreuen. <br><br>In der Saison 2022\/2023 treten eine F-1 im Spielkreis Amberg\/Weiden sowie eine E-Jugend und E-2 Jugend (U11) im Spielkreis Bayreuth an. Seit August 2019 spielen in der U9 die Kinder  gemeinsam in einer Spielgemeinschaft mit dem ASV Haidenaab. <br>\u00dcber 30 Kinder betreuen die ehrenamtlichen Trainer und Betreuer vom TSV Kirchenlaibach\/Speichersdorf und ASV Haidenaab. Ein eigenes Kleinspielfeld bietet optimale Trainings- und Spielbedingungen.<\/p>\n\n\n\n<p>Alle fu\u00dfballinteressierten Jungen und M\u00e4dchen ab dem  Kindergartenalter sind jederzeit herzlich willkommen. Infos dazu bekommt Ihr vom Sch\u00fclerleiter Holger Hofmann,  Telefon 0151-11721544.<\/p>\n\n\n\n<h3 class=\"wp-block-heading\"><\/h3>\n\n\n\n<p><\/p>\n\n\n\n<figure class=\"wp-block-gallery has-nested-images columns-default is-cropped wp-block-gallery-5 is-layout-flex\"><\/figure>\n\n\n\n<p><br><\/p>\n\n\n\n<p><\/p>\n\n\n\n<p><\/p>\n\n\n\n<p><br><\/p>\n\n\n\n<p><\/p>\n","protected":false},"excerpt":{"rendered":"<p>Senioren \/\/ Jugend \/\/ Juniorinnen \/\/ Sch\u00fcler Das Aush\u00e4ngeschild des TSV Kirchenlaibach\/Speichersdorf ist die Fu\u00dfballabteilung mit den beiden Seniorenmannschaften und den vielen Nachwuchsteams. Die erste Mannschaft spielte seit der Saison 2008\/09 in der Bezirksliga. Der gr\u00f6\u00dfte Erfolg der Vereinsgeschichte war der Aufstieg in die Landesliga Nordost in der Saison 2012\/13 und der Klassenerhalt mit einer Vielzahl in der eigenen Jugend ausgebildeten Spielern. Leider war der Abstieg in der Saison 2014\/2015 nicht zu vermeiden. In der Folge spielte man bis zur Serie 2021\/22 in der Bezirksliga und seit der Saison 22\/23 als feste Gr\u00f6\u00dfe in der Kreisliga. Die zweite Mannschaft agiert&#8230; <\/p>\n","protected":false},"author":1,"featured_media":0,"parent":0,"menu_order":0,"comment_status":"closed","ping_status":"closed","template":"template-parts\/page-template-no-sidebar.php","meta":[],"_links":{"self":[{"href":"http:\/\/tsv-kirchenlaibach.de\/index.php?rest_route=\/wp\/v2\/pages\/11"}],"collection":[{"href":"http:\/\/tsv-kirchenlaibach.de\/index.php?rest_route=\/wp\/v2\/pages"}],"about":[{"href":"http:\/\/tsv-kirchenlaibach.de\/index.php?rest_route=\/wp\/v2\/types\/page"}],"author":[{"embeddable":true,"href":"http:\/\/tsv-kirchenlaibach.de\/index.php?rest_route=\/wp\/v2\/users\/1"}],"replies":[{"embeddable":true,"href":"http:\/\/tsv-kirchenlaibach.de\/index.php?rest_route=%2Fwp%2Fv2%2Fcomments&post=11"}],"version-history":[{"count":109,"href":"http:\/\/tsv-kirchenlaibach.de\/index.php?rest_route=\/wp\/v2\/pages\/11\/revisions"}],"predecessor-version":[{"id":954,"href":"http:\/\/tsv-kirchenlaibach.de\/index.php?rest_route=\/wp\/v2\/pages\/11\/revisions\/954"}],"wp:attachment":[{"href":"http:\/\/tsv-kirchenlaibach.de\/index.php?rest_route=%2Fwp%2Fv2%2Fmedia&parent=11"}],"curies":[{"name":"wp","href":"https:\/\/api.w.org\/{rel}","templated":true}]}}