{"id":13,"date":"2020-03-27T11:26:09","date_gmt":"2020-03-27T11:26:09","guid":{"rendered":"http:\/\/tsv-kirchenlaibach.de\/?page_id=13"},"modified":"2020-03-27T23:20:56","modified_gmt":"2020-03-27T23:20:56","slug":"tennis","status":"publish","type":"page","link":"http:\/\/tsv-kirchenlaibach.de\/?page_id=13","title":{"rendered":"Tennis"},"content":{"rendered":"\n<figure class=\"wp-block-image size-large\"><img decoding=\"async\" loading=\"lazy\" width=\"1024\" height=\"768\" src=\"http:\/\/tsv-kirchenlaibach.de\/wp-content\/uploads\/2020\/03\/tennis-923659_1920-1024x768.jpg\" alt=\"\" class=\"wp-image-96\" srcset=\"http:\/\/tsv-kirchenlaibach.de\/wp-content\/uploads\/2020\/03\/tennis-923659_1920-1024x768.jpg 1024w, http:\/\/tsv-kirchenlaibach.de\/wp-content\/uploads\/2020\/03\/tennis-923659_1920-300x225.jpg 300w, http:\/\/tsv-kirchenlaibach.de\/wp-content\/uploads\/2020\/03\/tennis-923659_1920-768x576.jpg 768w, http:\/\/tsv-kirchenlaibach.de\/wp-content\/uploads\/2020\/03\/tennis-923659_1920-1536x1152.jpg 1536w, http:\/\/tsv-kirchenlaibach.de\/wp-content\/uploads\/2020\/03\/tennis-923659_1920.jpg 1920w\" sizes=\"(max-width: 1024px) 100vw, 1024px\" \/><\/figure>\n\n\n\n<p>Tennis wird in unserem\nVerein sowohl als Mannschaftssport als auch als Breitensport betrieben. Unsere\nTennisanlage besteht aus drei Sandpl\u00e4tzen und einem gem\u00fctlichen Vereinsheim und\nbefindet sich direkt hinter den Fu\u00dfballpl\u00e4tzen an der Jahnstra\u00dfe.<\/p>\n\n\n\n<p>Im aktiven Spielbetrieb befinden sich derzeit vier Mannschaften:<br>&#8211; die 1. Mannschaft Herren spielt in der Bezirksklasse 2 Gr. 007<br>&#8211; die Herren 30 Bezirksklasse 1 Gr. 033<br>&#8211; die Damenmannschaft spielt in der Bezirksklasse 2 Gr. 025<br> <br>Unsere Tennisanlage kann jederzeit von unseren Mitgliedern zum Tennisspielen genutzt werden. Alle Anf\u00e4nger und Tennis-Interessierten wenden sich bitte an Klaus Schindler. Hier erhalten Sie<br> weitere Informationen.<br> <br>Nicht-Mitglieder k\u00f6nnen gegen Entrichtung einer geringen Geb\u00fchr ebenfalls auf unseren Pl\u00e4tzen spielen. Auch die Nachwuchsarbeit wird in unserem Verein gro\u00df geschrieben.<br> <br>Wir bieten f\u00fcr unsere Kinder und Jugendlichen die M\u00f6glichkeit das Tennisspielen alters- und kindgerecht zu erlernen. Mitspielen kann jeder ab dem Kindergartenalter.<\/p>\n\n\n\n<h2 class=\"wp-block-heading\">Trainingszeiten und Kontakt<\/h2>\n\n\n\n<p><strong>Trainingszeiten und Anmeldung zur Platzbenutzung\u00a0<\/strong>bei Klaus Schindler.<br>Training f\u00fcr Kinder und Jugendliche Samstag, 10.00 &#8211; 11.00 Uhr (6 &#8211; 10 J\u00e4hrige) und  11.00 &#8211; 12.00 Uhr (11-16 J\u00e4hrige). Von ca. Anfang Mai bis Ende September.<\/p>\n\n\n\n<p><strong>Ansprechpartner:<\/strong> <br>Klaus Schindler, \u00dcL-Tennis<br>Tel. 09275 &#8211; 972055<br><a href=\"mailto:tennis@tsv-kirchenlaibach.de\">tennis@tsv-kirchenlaibach.de<\/a><\/p>\n\n\n\n<p><a href=\"https:\/\/www.btv.de\/de\/mein-verein\/vereinsseite\/tsv-kirchenlaibach.html\">Die Ergebnisse und Tabellen der Tennismannschaften des TSV Kirchenlaibach\/Speichersdorf.<\/a><\/p>\n","protected":false},"excerpt":{"rendered":"<p>Tennis wird in unserem Verein sowohl als Mannschaftssport als auch als Breitensport betrieben. Unsere Tennisanlage besteht aus drei Sandpl\u00e4tzen und einem gem\u00fctlichen Vereinsheim und befindet sich direkt hinter den Fu\u00dfballpl\u00e4tzen an der Jahnstra\u00dfe. Im aktiven Spielbetrieb befinden sich derzeit vier Mannschaften:&#8211; die 1. Mannschaft Herren spielt in der Bezirksklasse 2 Gr. 007&#8211; die Herren 30 Bezirksklasse 1 Gr. 033&#8211; die Damenmannschaft spielt in der Bezirksklasse 2 Gr. 025 Unsere Tennisanlage kann jederzeit von unseren Mitgliedern zum Tennisspielen genutzt werden. Alle Anf\u00e4nger und Tennis-Interessierten wenden sich bitte an Klaus Schindler. Hier erhalten Sie weitere Informationen. Nicht-Mitglieder k\u00f6nnen gegen Entrichtung einer geringen&#8230; <\/p>\n","protected":false},"author":1,"featured_media":0,"parent":0,"menu_order":0,"comment_status":"closed","ping_status":"closed","template":"template-parts\/page-template-no-sidebar.php","meta":[],"_links":{"self":[{"href":"http:\/\/tsv-kirchenlaibach.de\/index.php?rest_route=\/wp\/v2\/pages\/13"}],"collection":[{"href":"http:\/\/tsv-kirchenlaibach.de\/index.php?rest_route=\/wp\/v2\/pages"}],"about":[{"href":"http:\/\/tsv-kirchenlaibach.de\/index.php?rest_route=\/wp\/v2\/types\/page"}],"author":[{"embeddable":true,"href":"http:\/\/tsv-kirchenlaibach.de\/index.php?rest_route=\/wp\/v2\/users\/1"}],"replies":[{"embeddable":true,"href":"http:\/\/tsv-kirchenlaibach.de\/index.php?rest_route=%2Fwp%2Fv2%2Fcomments&post=13"}],"version-history":[{"count":4,"href":"http:\/\/tsv-kirchenlaibach.de\/index.php?rest_route=\/wp\/v2\/pages\/13\/revisions"}],"predecessor-version":[{"id":99,"href":"http:\/\/tsv-kirchenlaibach.de\/index.php?rest_route=\/wp\/v2\/pages\/13\/revisions\/99"}],"wp:attachment":[{"href":"http:\/\/tsv-kirchenlaibach.de\/index.php?rest_route=%2Fwp%2Fv2%2Fmedia&parent=13"}],"curies":[{"name":"wp","href":"https:\/\/api.w.org\/{rel}","templated":true}]}}