{"id":20,"date":"2020-03-27T11:26:10","date_gmt":"2020-03-27T11:26:10","guid":{"rendered":"http:\/\/tsv-kirchenlaibach.de\/?page_id=20"},"modified":"2020-03-27T23:20:39","modified_gmt":"2020-03-27T23:20:39","slug":"schach","status":"publish","type":"page","link":"http:\/\/tsv-kirchenlaibach.de\/?page_id=20","title":{"rendered":"Schach"},"content":{"rendered":"\n<figure class=\"wp-block-image size-large\"><img decoding=\"async\" loading=\"lazy\" width=\"1024\" height=\"682\" src=\"http:\/\/tsv-kirchenlaibach.de\/wp-content\/uploads\/2020\/03\/chess-3325010_1920-1024x682.jpg\" alt=\"\" class=\"wp-image-80\" srcset=\"http:\/\/tsv-kirchenlaibach.de\/wp-content\/uploads\/2020\/03\/chess-3325010_1920-1024x682.jpg 1024w, http:\/\/tsv-kirchenlaibach.de\/wp-content\/uploads\/2020\/03\/chess-3325010_1920-300x200.jpg 300w, http:\/\/tsv-kirchenlaibach.de\/wp-content\/uploads\/2020\/03\/chess-3325010_1920-768x512.jpg 768w, http:\/\/tsv-kirchenlaibach.de\/wp-content\/uploads\/2020\/03\/chess-3325010_1920-1536x1023.jpg 1536w, http:\/\/tsv-kirchenlaibach.de\/wp-content\/uploads\/2020\/03\/chess-3325010_1920.jpg 1920w\" sizes=\"(max-width: 1024px) 100vw, 1024px\" \/><\/figure>\n\n\n\n<p>Ein k\u00f6nigliches Spiel! Bei diesem strategischen Brettspiel bewegen zwei Spieler abwechselnd Spielfiguren auf einem Spielbrett. Ziel des Spiels ist es, die als K\u00f6nig bezeichnete Spielfigur des gegnerischen Spielers so anzugreifen, dass keine Abwehr durch Schlagen (Entfernen) der<br> angreifenden Figur, Sch\u00fctzen mittels einer anderen eigenen Figur oder Ausweichen auf ein nicht angegriffenes Feld mehr m\u00f6glich ist. Eine solche Stellung wird Schachmatt genannt (vom Arabischen a\u0161-\u0161ah mata = der Schah ist gestorben) und bedeutet das Ende des Spiels und den Sieg des mattsetzenden Spielers. Dabei ist das spielerische K\u00f6nnen der Kontrahenten entscheidend und nicht der Zufall.<br><br>Unsere Schachabteilung wurde bereits im Jahr 1954 gegr\u00fcndet und besteht derzeit aus rund 32 aktiven Schachspielern. Neben dem klassischen Turnierschach wird in der Abteilung besonderer Wert auf die Jugendf\u00f6rderung und gesellige Veranstaltungen gelegt.<\/p>\n\n\n\n<p>In ihrer langen Geschichte konnte die Abteilung einige Erfolge erzielen und auch derzeit spielen alle\u00a0drei Mannschaften auf sehr hohem Niveau: Die 1. Mannschaft in der\u00a0Bezirksoberliga, die 2. Mannschaft in der Bezirksliga Ost, die 3. in der Kreisliga B und die Jugend in der Jugendkreisliga.<br><br>G\u00e4ste und interessierte Aktive jeden Alters sind bei uns gerne gesehen. <\/p>\n\n\n\n<h3 class=\"wp-block-heading\">Trainingszeiten und Kontakt<\/h3>\n\n\n\n<p><strong>Trainingszeiten:<\/strong><br>Jugendtraining montags von 18:30 bis 20.00 Uhr im Landgasthof Imhof in Speichersdorf, ab 20.00 Uhr am Montag Erwachsenenspielbetrieb.<br> <br><strong>Ansprechpartner:<\/strong><br>Abteilungsleiter<br> Stefan Koch<br> Tel.\u00a009270\/1015<br> <a href=\"mailto:schach@tsv-kirchenlaibach.de\">schach@tsv-kirchenlaibach.de<\/a><\/p>\n\n\n\n<p><strong>Links:<\/strong><br><a href=\"https:\/\/www.ligamanager.schachbund-bayern.de\/ofr\/ergebnisse\/spielplan.htm?ligaId=1616\"> Spielpl\u00e4ne, Ergebnisse und Tabellen aus den Schachligen.<\/a><\/p>\n","protected":false},"excerpt":{"rendered":"<p>Ein k\u00f6nigliches Spiel! Bei diesem strategischen Brettspiel bewegen zwei Spieler abwechselnd Spielfiguren auf einem Spielbrett. Ziel des Spiels ist es, die als K\u00f6nig bezeichnete Spielfigur des gegnerischen Spielers so anzugreifen, dass keine Abwehr durch Schlagen (Entfernen) der angreifenden Figur, Sch\u00fctzen mittels einer anderen eigenen Figur oder Ausweichen auf ein nicht angegriffenes Feld mehr m\u00f6glich ist. Eine solche Stellung wird Schachmatt genannt (vom Arabischen a\u0161-\u0161ah mata = der Schah ist gestorben) und bedeutet das Ende des Spiels und den Sieg des mattsetzenden Spielers. Dabei ist das spielerische K\u00f6nnen der Kontrahenten entscheidend und nicht der Zufall. Unsere Schachabteilung wurde bereits im Jahr&#8230; <\/p>\n","protected":false},"author":1,"featured_media":0,"parent":0,"menu_order":0,"comment_status":"closed","ping_status":"closed","template":"template-parts\/page-template-no-sidebar.php","meta":[],"_links":{"self":[{"href":"http:\/\/tsv-kirchenlaibach.de\/index.php?rest_route=\/wp\/v2\/pages\/20"}],"collection":[{"href":"http:\/\/tsv-kirchenlaibach.de\/index.php?rest_route=\/wp\/v2\/pages"}],"about":[{"href":"http:\/\/tsv-kirchenlaibach.de\/index.php?rest_route=\/wp\/v2\/types\/page"}],"author":[{"embeddable":true,"href":"http:\/\/tsv-kirchenlaibach.de\/index.php?rest_route=\/wp\/v2\/users\/1"}],"replies":[{"embeddable":true,"href":"http:\/\/tsv-kirchenlaibach.de\/index.php?rest_route=%2Fwp%2Fv2%2Fcomments&post=20"}],"version-history":[{"count":7,"href":"http:\/\/tsv-kirchenlaibach.de\/index.php?rest_route=\/wp\/v2\/pages\/20\/revisions"}],"predecessor-version":[{"id":86,"href":"http:\/\/tsv-kirchenlaibach.de\/index.php?rest_route=\/wp\/v2\/pages\/20\/revisions\/86"}],"wp:attachment":[{"href":"http:\/\/tsv-kirchenlaibach.de\/index.php?rest_route=%2Fwp%2Fv2%2Fmedia&parent=20"}],"curies":[{"name":"wp","href":"https:\/\/api.w.org\/{rel}","templated":true}]}}