{"id":42,"date":"2020-03-27T11:28:39","date_gmt":"2020-03-27T11:28:39","guid":{"rendered":"http:\/\/tsv-kirchenlaibach.de\/?page_id=42"},"modified":"2024-12-18T12:57:23","modified_gmt":"2024-12-18T12:57:23","slug":"mitglied-werden","status":"publish","type":"page","link":"http:\/\/tsv-kirchenlaibach.de\/?page_id=42","title":{"rendered":"Mitglied werden"},"content":{"rendered":"\n<p>Ein Verein wie der TSV Kirchenlaibach\/Speichersdorf lebt von Menschen, die mitmachen und sich beteiligen. Wir bieten unseren aktiven Mitgliedern eine breite Palette an Sportangeboten. Denn Sport ist im Verein am Sch\u00f6nsten. <\/p>\n\n\n\n<p>Zudem sind wir darauf angewiesen, dass sich Menschen ehrenamtlich engagieren. Wir sind daher allen \u00dcbungsleiterinnen und \u00dcbungsleitern, Trainern und Betreuern sehr dankbar f\u00fcr ihren Einsatz. Hast auch Du Lust, uns zu unterst\u00fctzen? Dann spreche uns an! <\/p>\n\n\n\n<!--more-->\n\n\n\n<p><a href=\"http:\/\/tsv-kirchenlaibach.de\/wp-content\/uploads\/2024\/12\/Aufnahmeantrag_Stand-30.11.2024.pdf\">Der Aufnahmeantrag zur Mitgliedschaft im TSV Kirchenlaibach\/Speichersdorf steht unter diesem Link zum Downlod bereit.<\/a><\/p>\n\n\n\n<h4 class=\"wp-block-heading\">Die Mitgliedsbeitr\u00e4ge betragen mit Wirkung zum 1.1.2016&nbsp;&nbsp;&nbsp;&nbsp;&nbsp;&nbsp;&nbsp;&nbsp;&nbsp;&nbsp; &nbsp;<\/h4>\n\n\n\n<figure class=\"wp-block-table\"><table><tbody><tr><td> Kinder\/Jugendliche (bis 18 Jahre) <\/td><td> 2,50\u20ac\/Monat  <\/td><td> 30\u20ac\/Jahr <\/td><\/tr><tr><td> Erwachsene (ab 18 Jahre) &nbsp; <\/td><td> 5\u20ac\/Monat <\/td><td> 60\u20ac\/Jahr <\/td><\/tr><tr><td> Ehepaar (2 Erwachsene)&nbsp;&nbsp;&nbsp; <\/td><td> 6,50\u20ac\/Monat&nbsp; <\/td><td> 78\u20ac\/Jahr <\/td><\/tr><tr><td> Familie (2 Erw. und ein Kind)&nbsp; <br>  (weitere Kinder beitragsfrei) <\/td><td> 8\u20ac\/Monat <\/td><td> 96\u20ac\/Jahr <\/td><\/tr><\/tbody><\/table><\/figure>\n","protected":false},"excerpt":{"rendered":"<p>Ein Verein wie der TSV Kirchenlaibach\/Speichersdorf lebt von Menschen, die mitmachen und sich beteiligen. Wir bieten unseren aktiven Mitgliedern eine breite Palette an Sportangeboten. Denn Sport ist im Verein am Sch\u00f6nsten. Zudem sind wir darauf angewiesen, dass sich Menschen ehrenamtlich engagieren. Wir sind daher allen \u00dcbungsleiterinnen und \u00dcbungsleitern, Trainern und Betreuern sehr dankbar f\u00fcr ihren Einsatz. Hast auch Du Lust, uns zu unterst\u00fctzen? Dann spreche uns an!<\/p>\n","protected":false},"author":1,"featured_media":0,"parent":0,"menu_order":0,"comment_status":"closed","ping_status":"closed","template":"template-parts\/page-template-no-sidebar.php","meta":[],"_links":{"self":[{"href":"http:\/\/tsv-kirchenlaibach.de\/index.php?rest_route=\/wp\/v2\/pages\/42"}],"collection":[{"href":"http:\/\/tsv-kirchenlaibach.de\/index.php?rest_route=\/wp\/v2\/pages"}],"about":[{"href":"http:\/\/tsv-kirchenlaibach.de\/index.php?rest_route=\/wp\/v2\/types\/page"}],"author":[{"embeddable":true,"href":"http:\/\/tsv-kirchenlaibach.de\/index.php?rest_route=\/wp\/v2\/users\/1"}],"replies":[{"embeddable":true,"href":"http:\/\/tsv-kirchenlaibach.de\/index.php?rest_route=%2Fwp%2Fv2%2Fcomments&post=42"}],"version-history":[{"count":6,"href":"http:\/\/tsv-kirchenlaibach.de\/index.php?rest_route=\/wp\/v2\/pages\/42\/revisions"}],"predecessor-version":[{"id":868,"href":"http:\/\/tsv-kirchenlaibach.de\/index.php?rest_route=\/wp\/v2\/pages\/42\/revisions\/868"}],"wp:attachment":[{"href":"http:\/\/tsv-kirchenlaibach.de\/index.php?rest_route=%2Fwp%2Fv2%2Fmedia&parent=42"}],"curies":[{"name":"wp","href":"https:\/\/api.w.org\/{rel}","templated":true}]}}