{"id":44,"date":"2020-03-27T11:28:39","date_gmt":"2020-03-27T11:28:39","guid":{"rendered":"http:\/\/tsv-kirchenlaibach.de\/?page_id=44"},"modified":"2020-03-27T23:09:51","modified_gmt":"2020-03-27T23:09:51","slug":"anfahrt","status":"publish","type":"page","link":"http:\/\/tsv-kirchenlaibach.de\/?page_id=44","title":{"rendered":"Anfahrt"},"content":{"rendered":"\n<p>In seiner langen und ereignisreichen\nGeschichte musste der TSV Kirchenlaibach\/Speichersdorf bereits mehrmals\n&#8222;umziehen&#8220;. Seit den 1960er Jahren konnte jedoch ein festes\nVereinsgel\u00e4nde an der Jahnstra\u00dfe im Speichersdorfer S\u00fcden bezogen werden, das\nseitem stetig erweitert wurde. Neben dem Bau eines Sportheimes, das heute \u00fcber\n100 Mann Platz bietet, wurden nach und nach ein Nebenplatz und ein Hartplatz\nerrichtet. Nunmehr wurde das Gel\u00e4nde zudem durch drei Sand-Tennispl\u00e4tze und\neinem Clubheim erweitert.<\/p>\n\n\n\n<p>Das Sportheim dient auf Grund seiner Gr\u00f6\u00dfe als Veranstaltungsraum f\u00fcr verschiedenste Festlichkeiten, Vortr\u00e4ge oder Versammlungen. <\/p>\n\n\n\n<p><a href=\"http:\/\/www.webmart.de\/karte\/info.cfm?id=482224607\">Hier finden Sie einen Link zur Karte von google mit unseren Sportst\u00e4tten.<\/a><\/p>\n","protected":false},"excerpt":{"rendered":"<p>In seiner langen und ereignisreichen Geschichte musste der TSV Kirchenlaibach\/Speichersdorf bereits mehrmals &#8222;umziehen&#8220;. Seit den 1960er Jahren konnte jedoch ein festes Vereinsgel\u00e4nde an der Jahnstra\u00dfe im Speichersdorfer S\u00fcden bezogen werden, das seitem stetig erweitert wurde. Neben dem Bau eines Sportheimes, das heute \u00fcber 100 Mann Platz bietet, wurden nach und nach ein Nebenplatz und ein Hartplatz errichtet. Nunmehr wurde das Gel\u00e4nde zudem durch drei Sand-Tennispl\u00e4tze und einem Clubheim erweitert. Das Sportheim dient auf Grund seiner Gr\u00f6\u00dfe als Veranstaltungsraum f\u00fcr verschiedenste Festlichkeiten, Vortr\u00e4ge oder Versammlungen. Hier finden Sie einen Link zur Karte von google mit unseren Sportst\u00e4tten.<\/p>\n","protected":false},"author":1,"featured_media":0,"parent":0,"menu_order":0,"comment_status":"closed","ping_status":"closed","template":"template-parts\/page-template-no-sidebar.php","meta":[],"_links":{"self":[{"href":"http:\/\/tsv-kirchenlaibach.de\/index.php?rest_route=\/wp\/v2\/pages\/44"}],"collection":[{"href":"http:\/\/tsv-kirchenlaibach.de\/index.php?rest_route=\/wp\/v2\/pages"}],"about":[{"href":"http:\/\/tsv-kirchenlaibach.de\/index.php?rest_route=\/wp\/v2\/types\/page"}],"author":[{"embeddable":true,"href":"http:\/\/tsv-kirchenlaibach.de\/index.php?rest_route=\/wp\/v2\/users\/1"}],"replies":[{"embeddable":true,"href":"http:\/\/tsv-kirchenlaibach.de\/index.php?rest_route=%2Fwp%2Fv2%2Fcomments&post=44"}],"version-history":[{"count":2,"href":"http:\/\/tsv-kirchenlaibach.de\/index.php?rest_route=\/wp\/v2\/pages\/44\/revisions"}],"predecessor-version":[{"id":207,"href":"http:\/\/tsv-kirchenlaibach.de\/index.php?rest_route=\/wp\/v2\/pages\/44\/revisions\/207"}],"wp:attachment":[{"href":"http:\/\/tsv-kirchenlaibach.de\/index.php?rest_route=%2Fwp%2Fv2%2Fmedia&parent=44"}],"curies":[{"name":"wp","href":"https:\/\/api.w.org\/{rel}","templated":true}]}}